{"id":11,"date":"2025-06-08T09:59:31","date_gmt":"2025-06-08T08:59:31","guid":{"rendered":"https:\/\/dobrogi.hu\/?page_id=11"},"modified":"2025-06-08T09:59:31","modified_gmt":"2025-06-08T08:59:31","slug":"dobrogi-haromszor-veri-ezt-kenden-ludas-matyi-vissza","status":"publish","type":"page","link":"https:\/\/dobrogi.hu\/","title":{"rendered":"D\u00f6br\u00f6gi - H\u00e1romszor veri ezt kenden Ludas Matyi vissza"},"content":{"rendered":"","protected":false},"excerpt":{"rendered":"","protected":false},"author":1,"featured_media":0,"parent":0,"menu_order":0,"comment_status":"closed","ping_status":"closed","template":"","meta":{"footnotes":""},"class_list":["post-11","page","type-page","status-publish","hentry"],"_links":{"self":[{"href":"https:\/\/dobrogi.hu\/index.php\/wp-json\/wp\/v2\/pages\/11","targetHints":{"allow":["GET"]}}],"collection":[{"href":"https:\/\/dobrogi.hu\/index.php\/wp-json\/wp\/v2\/pages"}],"about":[{"href":"https:\/\/dobrogi.hu\/index.php\/wp-json\/wp\/v2\/types\/page"}],"author":[{"embeddable":true,"href":"https:\/\/dobrogi.hu\/index.php\/wp-json\/wp\/v2\/users\/1"}],"replies":[{"embeddable":true,"href":"https:\/\/dobrogi.hu\/index.php\/wp-json\/wp\/v2\/comments?post=11"}],"version-history":[{"count":1,"href":"https:\/\/dobrogi.hu\/index.php\/wp-json\/wp\/v2\/pages\/11\/revisions"}],"predecessor-version":[{"id":13,"href":"https:\/\/dobrogi.hu\/index.php\/wp-json\/wp\/v2\/pages\/11\/revisions\/13"}],"wp:attachment":[{"href":"https:\/\/dobrogi.hu\/index.php\/wp-json\/wp\/v2\/media?parent=11"}],"curies":[{"name":"wp","href":"https:\/\/api.w.org\/{rel}","templated":true}]}}